{"id":366,"date":"2016-01-18T13:09:47","date_gmt":"2016-01-18T13:09:47","guid":{"rendered":"http:\/\/fstart.cardiffcouncilwebteam.co.uk\/?page_id=366"},"modified":"2019-09-27T11:25:15","modified_gmt":"2019-09-27T10:25:15","slug":"aros-a-chwarae","status":"publish","type":"page","link":"https:\/\/www.flyingstartcardiff.co.uk\/cy\/gwasanaethau\/aros-a-chwarae\/","title":{"rendered":"Aros a Chwarae"},"content":{"rendered":"<div class=\"wpb-content-wrapper\"><p>[vc_row][vc_column animation=&#8221;fade-in-from-left&#8221; width=&#8221;2\/3&#8243;][vc_column_text]<\/p>\n<h2>Beth yw Aros a Chwarae?<\/h2>\n<p>Mae sesiynau Aros a Chwarae yn gyfle i rieni gael hwyl yn chwarae \u00e2&#8217;u plant mewn lle diogel a chyfeillgar &#8211; does dim angen ymyriad, gall rhieni ddod i unrhyw un o&#8217;r sesiynau Aros a Chwarae mewn unrhyw ardal Dechrau&#8217;n Deg.<\/p>\n<p>Cynhelir y sesiynau hyn yn lleoliadau Dechrau&#8217;n Deg a neuaddau cymunedol lleol, a gall teuluoedd Dechrau&#8217;n Deg fanteisio arnynt. Mae staff profiadol, cymwys yn cynnig ystod o weithgareddau i chi gymryd rhan ynddynt gyda&#8217;ch plentyn, gan ddysgu am bob maes datblygu.<\/p>\n<p>Byddwch yn chwarae, canu, dawnsio neu&#8217;n darllen \u00e2&#8217;ch plant ac yn eich tretio&#8217;ch hunain drwy dreulio amser \u00e2&#8217;ch gilydd.<\/p>\n<p>Dewch \u00e2&#8217;ch babi neu&#8217;ch plentyn bach gyda chi, ymunwch \u00e2&#8217;r hwyl a mwynhewch gyfle i gwrdd \u00e2 rhieni eraill. Rhannwch syniadau a dysgwch ffyrdd newydd o chwarae, gan ddefnyddio adnoddau sy&#8217;n rhad neu am ddim.<\/p>\n<p>Mae gan nifer o&#8217;r lleoliadau ardaloedd chwarae awyr agored, ac o bryd i&#8217;w gilydd caiff gweithgareddau fel ymweliad \u00e2&#8217;r parc, y traeth a llefydd o ddiddordeb yn lleol eu trefnu fel y gallwn grwydro gyda&#8217;n gilydd.<\/p>\n<p>Caiff teuluoedd sy&#8217;n mynychu&#8217;r sesiynau gyfle i fynd i&#8217;r <a title=\"Rhaglen Datblygu Rhieni \" href=\"\/gwasanaethau\/rhaglen-magu-i-rhieni\">Rhaglen Datblygu Rhieni<\/a> &#8211; sydd \u00e2 cr\u00e8che am ddim &#8211; yn ogystal \u00e2 chael gwybodaeth am brojectau eraill Dechrau&#8217;n Deg a gwasanaethau lleol.<\/p>\n<h2>Dyfyniadau gan rieni<\/h2>\n<blockquote><p>\u2018Rwy&#8217;n cael syniadau chwarae; galla i gymysgu \u00e2 mamau eraill a mwynhau gweld fy mab yn cael hwyl&#8217;<\/p><\/blockquote> <blockquote><p>\u2018Cymysgodd fy mhlentyn \u00e2 phlant eraill, a chwarae&#8217;n fl\u00ear a chefais ddigon o syniadau\/ysbrydoliaeth am chwarae gartref&#8217;<\/p><\/blockquote> <blockquote><p> \u2018Rwyf wedi cael budd ohono, ac mae gen i dawelwch meddwl pan aiff i&#8217;r feithrinfa. Rwy&#8217;n gwybod y bydd hi&#8217;n dod ymlaen \u00e2&#8217;r plant eraill a&#8217;i bod yn dda am wneud ffrindiau a rhannu&#8217;<\/p><\/blockquote> <blockquote><p>&#8216;Mae&#8217;r staff mor gyfeillgar a chroesawgar, maen nhw wedi rhoi&#8217;r hyder i mi dod i ddod ac i ymuno \u00e2 grwpiau eraill&#8217;<\/p><\/blockquote>[\/vc_column_text][\/vc_column][vc_column width=&#8221;1\/3&#8243;]<div class=\"single_image wpb_content_element align-center  animate   \" data-animation=\"fade-in-from-right\" data-delay=\"0\"><img loading=\"lazy\" decoding=\"async\" width=\"385\" height=\"257\" src=\"https:\/\/www.flyingstartcardiff.co.uk\/wp-content\/uploads\/StayandPlay.jpg\" class=\"attachment-full\" alt=\"\" title=\"\" srcset=\"https:\/\/www.flyingstartcardiff.co.uk\/wp-content\/uploads\/StayandPlay.jpg 385w, https:\/\/www.flyingstartcardiff.co.uk\/wp-content\/uploads\/StayandPlay-300x200.jpg 300w\" sizes=\"auto, (max-width: 385px) 100vw, 385px\" \/><\/div>[\/vc_column][\/vc_row]<\/p>\n<\/div>","protected":false},"excerpt":{"rendered":"<p>[vc_row][vc_column animation=&#8221;fade-in-from-left&#8221; width=&#8221;2\/3&#8243;][vc_column_text] Beth yw Aros a Chwarae? Mae sesiynau Aros a Chwarae yn gyfle i rieni gael hwyl yn chwarae \u00e2&#8217;u plant mewn lle diogel a chyfeillgar &#8211; does dim angen ymyriad, gall rhieni ddod i unrhyw un o&#8217;r sesiynau Aros a Chwarae mewn unrhyw ardal Dechrau&#8217;n Deg. Cynhelir y sesiynau hyn yn lleoliadau Dechrau&#8217;n Deg a neuaddau cymunedol lleol, a gall teuluoedd Dechrau&#8217;n Deg fanteisio arnynt. Mae staff profiadol, cymwys yn cynnig ystod o weithgareddau i chi gymryd rhan ynddynt gyda&#8217;ch plentyn, gan ddysgu am bob maes datblygu. Byddwch yn chwarae, canu, dawnsio neu&#8217;n darllen \u00e2&#8217;ch plant ac yn eich tretio&#8217;ch hunain drwy dreulio amser \u00e2&#8217;ch gilydd. Dewch \u00e2&#8217;ch babi neu&#8217;ch plentyn bach gyda chi, ymunwch \u00e2&#8217;r hwyl a mwynhewch gyfle i gwrdd \u00e2 rhieni eraill. Rhannwch syniadau a dysgwch ffyrdd newydd o chwarae, gan ddefnyddio adnoddau sy&#8217;n rhad neu am ddim. Mae gan nifer o&#8217;r lleoliadau ardaloedd chwarae awyr agored, ac o bryd i&#8217;w gilydd caiff gweithgareddau fel ymweliad \u00e2&#8217;r parc, y traeth a llefydd o ddiddordeb yn lleol eu trefnu fel y gallwn grwydro gyda&#8217;n gilydd. Caiff teuluoedd sy&#8217;n mynychu&#8217;r sesiynau gyfle i fynd i&#8217;r Rhaglen Datblygu Rhieni &#8211; sydd \u00e2 cr\u00e8che am ddim &#8211; yn [&hellip;]<\/p>\n","protected":false},"author":1,"featured_media":0,"parent":307,"menu_order":0,"comment_status":"closed","ping_status":"closed","template":"","meta":{"footnotes":""},"class_list":["post-366","page","type-page","status-publish","hentry"],"yoast_head":"<!-- This site is optimized with the Yoast SEO plugin v27.2 - https:\/\/yoast.com\/product\/yoast-seo-wordpress\/ -->\n<title>Aros a Chwarae - Dechrau&#039;n Deg Caerdydd<\/title>\n<meta name=\"robots\" content=\"index, follow, max-snippet:-1, max-image-preview:large, max-video-preview:-1\" \/>\n<link rel=\"canonical\" href=\"https:\/\/www.flyingstartcardiff.co.uk\/cy\/gwasanaethau\/aros-a-chwarae\/\" \/>\n<meta property=\"og:locale\" content=\"en_US\" \/>\n<meta property=\"og:type\" content=\"article\" \/>\n<meta property=\"og:title\" content=\"Aros a Chwarae - Dechrau&#039;n Deg Caerdydd\" \/>\n<meta property=\"og:description\" content=\"[vc_row][vc_column animation=&#8221;fade-in-from-left&#8221; width=&#8221;2\/3&#8243;][vc_column_text] Beth yw Aros a Chwarae? Mae sesiynau Aros a Chwarae yn gyfle i rieni gael hwyl yn chwarae \u00e2&#8217;u plant mewn lle diogel a chyfeillgar &#8211; does dim angen ymyriad, gall rhieni ddod i unrhyw un o&#8217;r sesiynau Aros a Chwarae mewn unrhyw ardal Dechrau&#8217;n Deg. Cynhelir y sesiynau hyn yn lleoliadau Dechrau&#8217;n Deg a neuaddau cymunedol lleol, a gall teuluoedd Dechrau&#8217;n Deg fanteisio arnynt. Mae staff profiadol, cymwys yn cynnig ystod o weithgareddau i chi gymryd rhan ynddynt gyda&#8217;ch plentyn, gan ddysgu am bob maes datblygu. Byddwch yn chwarae, canu, dawnsio neu&#8217;n darllen \u00e2&#8217;ch plant ac yn eich tretio&#8217;ch hunain drwy dreulio amser \u00e2&#8217;ch gilydd. Dewch \u00e2&#8217;ch babi neu&#8217;ch plentyn bach gyda chi, ymunwch \u00e2&#8217;r hwyl a mwynhewch gyfle i gwrdd \u00e2 rhieni eraill. Rhannwch syniadau a dysgwch ffyrdd newydd o chwarae, gan ddefnyddio adnoddau sy&#8217;n rhad neu am ddim. Mae gan nifer o&#8217;r lleoliadau ardaloedd chwarae awyr agored, ac o bryd i&#8217;w gilydd caiff gweithgareddau fel ymweliad \u00e2&#8217;r parc, y traeth a llefydd o ddiddordeb yn lleol eu trefnu fel y gallwn grwydro gyda&#8217;n gilydd. Caiff teuluoedd sy&#8217;n mynychu&#8217;r sesiynau gyfle i fynd i&#8217;r Rhaglen Datblygu Rhieni &#8211; sydd \u00e2 cr\u00e8che am ddim &#8211; yn [&hellip;]\" \/>\n<meta property=\"og:url\" content=\"https:\/\/www.flyingstartcardiff.co.uk\/cy\/gwasanaethau\/aros-a-chwarae\/\" \/>\n<meta property=\"og:site_name\" content=\"Dechrau&#039;n Deg Caerdydd\" \/>\n<meta property=\"article:modified_time\" content=\"2019-09-27T10:25:15+00:00\" \/>\n<meta name=\"twitter:card\" content=\"summary_large_image\" \/>\n<script type=\"application\/ld+json\" class=\"yoast-schema-graph\">{\"@context\":\"https:\/\/schema.org\",\"@graph\":[{\"@type\":\"WebPage\",\"@id\":\"https:\/\/www.flyingstartcardiff.co.uk\/cy\/gwasanaethau\/aros-a-chwarae\/\",\"url\":\"https:\/\/www.flyingstartcardiff.co.uk\/cy\/gwasanaethau\/aros-a-chwarae\/\",\"name\":\"Aros a Chwarae - Dechrau'n Deg Caerdydd\",\"isPartOf\":{\"@id\":\"https:\/\/www.flyingstartcardiff.co.uk\/#website\"},\"datePublished\":\"2016-01-18T13:09:47+00:00\",\"dateModified\":\"2019-09-27T10:25:15+00:00\",\"breadcrumb\":{\"@id\":\"https:\/\/www.flyingstartcardiff.co.uk\/cy\/gwasanaethau\/aros-a-chwarae\/#breadcrumb\"},\"inLanguage\":\"cy\",\"potentialAction\":[{\"@type\":\"ReadAction\",\"target\":[\"https:\/\/www.flyingstartcardiff.co.uk\/cy\/gwasanaethau\/aros-a-chwarae\/\"]}]},{\"@type\":\"BreadcrumbList\",\"@id\":\"https:\/\/www.flyingstartcardiff.co.uk\/cy\/gwasanaethau\/aros-a-chwarae\/#breadcrumb\",\"itemListElement\":[{\"@type\":\"ListItem\",\"position\":1,\"name\":\"Home\",\"item\":\"https:\/\/www.flyingstartcardiff.co.uk\/cy\/\"},{\"@type\":\"ListItem\",\"position\":2,\"name\":\"Gwasanaethau\",\"item\":\"https:\/\/www.flyingstartcardiff.co.uk\/cy\/gwasanaethau\/\"},{\"@type\":\"ListItem\",\"position\":3,\"name\":\"Aros a Chwarae\"}]},{\"@type\":\"WebSite\",\"@id\":\"https:\/\/www.flyingstartcardiff.co.uk\/#website\",\"url\":\"https:\/\/www.flyingstartcardiff.co.uk\/\",\"name\":\"Dechrau'n Deg Caerdydd\",\"description\":\"Providing extra help to  get children off to the best start in life\",\"potentialAction\":[{\"@type\":\"SearchAction\",\"target\":{\"@type\":\"EntryPoint\",\"urlTemplate\":\"https:\/\/www.flyingstartcardiff.co.uk\/?s={search_term_string}\"},\"query-input\":{\"@type\":\"PropertyValueSpecification\",\"valueRequired\":true,\"valueName\":\"search_term_string\"}}],\"inLanguage\":\"cy\"}]}<\/script>\n<!-- \/ Yoast SEO plugin. -->","yoast_head_json":{"title":"Aros a Chwarae - Dechrau'n Deg Caerdydd","robots":{"index":"index","follow":"follow","max-snippet":"max-snippet:-1","max-image-preview":"max-image-preview:large","max-video-preview":"max-video-preview:-1"},"canonical":"https:\/\/www.flyingstartcardiff.co.uk\/cy\/gwasanaethau\/aros-a-chwarae\/","og_locale":"en_US","og_type":"article","og_title":"Aros a Chwarae - Dechrau'n Deg Caerdydd","og_description":"[vc_row][vc_column animation=&#8221;fade-in-from-left&#8221; width=&#8221;2\/3&#8243;][vc_column_text] Beth yw Aros a Chwarae? Mae sesiynau Aros a Chwarae yn gyfle i rieni gael hwyl yn chwarae \u00e2&#8217;u plant mewn lle diogel a chyfeillgar &#8211; does dim angen ymyriad, gall rhieni ddod i unrhyw un o&#8217;r sesiynau Aros a Chwarae mewn unrhyw ardal Dechrau&#8217;n Deg. Cynhelir y sesiynau hyn yn lleoliadau Dechrau&#8217;n Deg a neuaddau cymunedol lleol, a gall teuluoedd Dechrau&#8217;n Deg fanteisio arnynt. Mae staff profiadol, cymwys yn cynnig ystod o weithgareddau i chi gymryd rhan ynddynt gyda&#8217;ch plentyn, gan ddysgu am bob maes datblygu. Byddwch yn chwarae, canu, dawnsio neu&#8217;n darllen \u00e2&#8217;ch plant ac yn eich tretio&#8217;ch hunain drwy dreulio amser \u00e2&#8217;ch gilydd. Dewch \u00e2&#8217;ch babi neu&#8217;ch plentyn bach gyda chi, ymunwch \u00e2&#8217;r hwyl a mwynhewch gyfle i gwrdd \u00e2 rhieni eraill. Rhannwch syniadau a dysgwch ffyrdd newydd o chwarae, gan ddefnyddio adnoddau sy&#8217;n rhad neu am ddim. Mae gan nifer o&#8217;r lleoliadau ardaloedd chwarae awyr agored, ac o bryd i&#8217;w gilydd caiff gweithgareddau fel ymweliad \u00e2&#8217;r parc, y traeth a llefydd o ddiddordeb yn lleol eu trefnu fel y gallwn grwydro gyda&#8217;n gilydd. Caiff teuluoedd sy&#8217;n mynychu&#8217;r sesiynau gyfle i fynd i&#8217;r Rhaglen Datblygu Rhieni &#8211; sydd \u00e2 cr\u00e8che am ddim &#8211; yn [&hellip;]","og_url":"https:\/\/www.flyingstartcardiff.co.uk\/cy\/gwasanaethau\/aros-a-chwarae\/","og_site_name":"Dechrau'n Deg Caerdydd","article_modified_time":"2019-09-27T10:25:15+00:00","twitter_card":"summary_large_image","schema":{"@context":"https:\/\/schema.org","@graph":[{"@type":"WebPage","@id":"https:\/\/www.flyingstartcardiff.co.uk\/cy\/gwasanaethau\/aros-a-chwarae\/","url":"https:\/\/www.flyingstartcardiff.co.uk\/cy\/gwasanaethau\/aros-a-chwarae\/","name":"Aros a Chwarae - Dechrau'n Deg Caerdydd","isPartOf":{"@id":"https:\/\/www.flyingstartcardiff.co.uk\/#website"},"datePublished":"2016-01-18T13:09:47+00:00","dateModified":"2019-09-27T10:25:15+00:00","breadcrumb":{"@id":"https:\/\/www.flyingstartcardiff.co.uk\/cy\/gwasanaethau\/aros-a-chwarae\/#breadcrumb"},"inLanguage":"cy","potentialAction":[{"@type":"ReadAction","target":["https:\/\/www.flyingstartcardiff.co.uk\/cy\/gwasanaethau\/aros-a-chwarae\/"]}]},{"@type":"BreadcrumbList","@id":"https:\/\/www.flyingstartcardiff.co.uk\/cy\/gwasanaethau\/aros-a-chwarae\/#breadcrumb","itemListElement":[{"@type":"ListItem","position":1,"name":"Home","item":"https:\/\/www.flyingstartcardiff.co.uk\/cy\/"},{"@type":"ListItem","position":2,"name":"Gwasanaethau","item":"https:\/\/www.flyingstartcardiff.co.uk\/cy\/gwasanaethau\/"},{"@type":"ListItem","position":3,"name":"Aros a Chwarae"}]},{"@type":"WebSite","@id":"https:\/\/www.flyingstartcardiff.co.uk\/#website","url":"https:\/\/www.flyingstartcardiff.co.uk\/","name":"Dechrau'n Deg Caerdydd","description":"Providing extra help to  get children off to the best start in life","potentialAction":[{"@type":"SearchAction","target":{"@type":"EntryPoint","urlTemplate":"https:\/\/www.flyingstartcardiff.co.uk\/?s={search_term_string}"},"query-input":{"@type":"PropertyValueSpecification","valueRequired":true,"valueName":"search_term_string"}}],"inLanguage":"cy"}]}},"_links":{"self":[{"href":"https:\/\/www.flyingstartcardiff.co.uk\/cy\/wp-json\/wp\/v2\/pages\/366","targetHints":{"allow":["GET"]}}],"collection":[{"href":"https:\/\/www.flyingstartcardiff.co.uk\/cy\/wp-json\/wp\/v2\/pages"}],"about":[{"href":"https:\/\/www.flyingstartcardiff.co.uk\/cy\/wp-json\/wp\/v2\/types\/page"}],"author":[{"embeddable":true,"href":"https:\/\/www.flyingstartcardiff.co.uk\/cy\/wp-json\/wp\/v2\/users\/1"}],"replies":[{"embeddable":true,"href":"https:\/\/www.flyingstartcardiff.co.uk\/cy\/wp-json\/wp\/v2\/comments?post=366"}],"version-history":[{"count":3,"href":"https:\/\/www.flyingstartcardiff.co.uk\/cy\/wp-json\/wp\/v2\/pages\/366\/revisions"}],"predecessor-version":[{"id":449,"href":"https:\/\/www.flyingstartcardiff.co.uk\/cy\/wp-json\/wp\/v2\/pages\/366\/revisions\/449"}],"up":[{"embeddable":true,"href":"https:\/\/www.flyingstartcardiff.co.uk\/cy\/wp-json\/wp\/v2\/pages\/307"}],"wp:attachment":[{"href":"https:\/\/www.flyingstartcardiff.co.uk\/cy\/wp-json\/wp\/v2\/media?parent=366"}],"curies":[{"name":"wp","href":"https:\/\/api.w.org\/{rel}","templated":true}]}}