{"id":360,"date":"2016-01-18T12:59:45","date_gmt":"2016-01-18T12:59:45","guid":{"rendered":"http:\/\/fstart.cardiffcouncilwebteam.co.uk\/?page_id=360"},"modified":"2025-10-16T13:32:48","modified_gmt":"2025-10-16T12:32:48","slug":"y-tim-lleferydd-ac-iaith","status":"publish","type":"page","link":"https:\/\/www.flyingstartcardiff.co.uk\/cy\/gwasanaethau\/y-tim-lleferydd-ac-iaith\/","title":{"rendered":"Y T\u00eem Lleferydd ac Iaith"},"content":{"rendered":"<div class=\"wpb-content-wrapper\"><p>[vc_row][vc_column animation=&#8221;fade-in-from-left&#8221; width=&#8221;2\/3&#8243;][vc_column_text]Un o nodau craidd project Dechrau&#8217;n Deg yw cefnogi datblygiad iaith a chyfathrebu plant.<\/p>\n<p>Mae llawer o dystiolaeth fod targedu a nodi plant sy&#8217;n cael anawsterau mor gynnar \u00e2 phosibl yn bwysig iawn. Yn ogystal ag ymchwil i ddatblygiad yr ymennydd, sydd wedi dangos bod tair blynedd gyntaf bywyd plentyn yn hanfodol i ddatblygu sgiliau iaith a chyfathrebu da.<\/p>\n<p>Yn ardaloedd Dechrau&#8217;n Deg caiff plant a allai fod yn cael anawsterau lleferydd a\/neu iaith eu nodi mor fuan \u00e2 phosibl er mwyn i&#8217;r t\u00eem allu rhoi&#8217;r cymorth mwyaf priodol mor fuan \u00e2 phosibl.<\/p>\n<h2>Beth yw gwaith y T\u00eem Lleferydd ac Iaith?<\/h2>\n<p>Rhoi cymorth cyfathrebu cyffredinol i bob plentyn.<\/p>\n<p>Sicrhau bod aelodau eraill o d\u00eem Dechrau&#8217;n Deg yn gallu nodi a chefnogi anawsterau lleferydd, iaith a chyfathrebu plant.<\/p>\n<p>Rhoi strategaethau penodol ac ymarferol i rieni\/gofalwyr i ddatblygu iaith plant drwy chwarae.<\/p>\n<p>Rhoi hyfforddiant a chymorth i ddarparwyr gofal plant i&#8217;w helpu i nodi pryderon ynghylch lleferydd ac iaith ac i ddatblygu eu sgiliau gan ddefnyddio strategaethau penodol ac ymarferol i greu amgylchedd dysgu iaith.<\/p>\n<p>Datblygu gwasanaeth a fydd yn darparu rhaglen unigol a arweinir gan anghenion i blant y mae pryderon iaith, lleferydd neu gyfathrebu amdanynt.<\/p>\n<h3><strong>Cymorth Pellach<\/strong><\/h3>\n<p>Gallwch ddod o hyd i ragor o adnoddau a gweithgareddau i gefnogi datblygiad cyfathrebu eich plentyn drwy ddefnyddio\u2019r dolenni isod:<\/p>\n<p><a href=\"https:\/\/www.llyw.cymru\/siarad-gyda-fi?_gl=1*1ou9tyg*_ga*MTIxNDU0MTM2Ni4xNzUwMjU3NzQ4*_ga_L1471V4N02*czE3NTgyMzI3NzQkbzkkZzAkdDE3NTgyMzI3NzQkajYwJGwwJGgw\">Siarad Gyda Fi | LLYW.CYMRU<\/a><\/p>\n<p><a href=\"https:\/\/www.bbc.co.uk\/tiny-happy-people\/cymraeg\">Tiny Happy People &#8211; Cymraeg | BBC<\/a>[\/vc_column_text][\/vc_column][vc_column width=&#8221;1\/3&#8243;]<div class=\"single_image wpb_content_element align-left  animate   \" data-animation=\"fade-in-from-right\" data-delay=\"0\"><img loading=\"lazy\" decoding=\"async\" width=\"385\" height=\"257\" src=\"https:\/\/www.flyingstartcardiff.co.uk\/wp-content\/uploads\/SpeechLanguage.jpg\" class=\"attachment-full\" alt=\"\" title=\"\" srcset=\"https:\/\/www.flyingstartcardiff.co.uk\/wp-content\/uploads\/SpeechLanguage.jpg 385w, https:\/\/www.flyingstartcardiff.co.uk\/wp-content\/uploads\/SpeechLanguage-300x200.jpg 300w\" sizes=\"auto, (max-width: 385px) 100vw, 385px\" \/><\/div>[\/vc_column][\/vc_row]<\/p>\n<\/div>","protected":false},"excerpt":{"rendered":"<p>[vc_row][vc_column animation=&#8221;fade-in-from-left&#8221; width=&#8221;2\/3&#8243;][vc_column_text]Un o nodau craidd project Dechrau&#8217;n Deg yw cefnogi datblygiad iaith a chyfathrebu plant. Mae llawer o dystiolaeth fod targedu a nodi plant sy&#8217;n cael anawsterau mor gynnar \u00e2 phosibl yn bwysig iawn. Yn ogystal ag ymchwil i ddatblygiad yr ymennydd, sydd wedi dangos bod tair blynedd gyntaf bywyd plentyn yn hanfodol i ddatblygu sgiliau iaith a chyfathrebu da. Yn ardaloedd Dechrau&#8217;n Deg caiff plant a allai fod yn cael anawsterau lleferydd a\/neu iaith eu nodi mor fuan \u00e2 phosibl er mwyn i&#8217;r t\u00eem allu rhoi&#8217;r cymorth mwyaf priodol mor fuan \u00e2 phosibl. Beth yw gwaith y T\u00eem Lleferydd ac Iaith? Rhoi cymorth cyfathrebu cyffredinol i bob plentyn. Sicrhau bod aelodau eraill o d\u00eem Dechrau&#8217;n Deg yn gallu nodi a chefnogi anawsterau lleferydd, iaith a chyfathrebu plant. Rhoi strategaethau penodol ac ymarferol i rieni\/gofalwyr i ddatblygu iaith plant drwy chwarae. Rhoi hyfforddiant a chymorth i ddarparwyr gofal plant i&#8217;w helpu i nodi pryderon ynghylch lleferydd ac iaith ac i ddatblygu eu sgiliau gan ddefnyddio strategaethau penodol ac ymarferol i greu amgylchedd dysgu iaith. Datblygu gwasanaeth a fydd yn darparu rhaglen unigol a arweinir gan anghenion i blant y mae pryderon iaith, lleferydd neu gyfathrebu amdanynt. Cymorth Pellach Gallwch [&hellip;]<\/p>\n","protected":false},"author":1,"featured_media":0,"parent":307,"menu_order":0,"comment_status":"closed","ping_status":"closed","template":"","meta":{"footnotes":""},"class_list":["post-360","page","type-page","status-publish","hentry"],"yoast_head":"<!-- This site is optimized with the Yoast SEO plugin v27.3 - https:\/\/yoast.com\/product\/yoast-seo-wordpress\/ -->\n<title>Y T\u00eem Lleferydd ac Iaith - Dechrau&#039;n Deg Caerdydd<\/title>\n<meta name=\"robots\" content=\"index, follow, max-snippet:-1, max-image-preview:large, max-video-preview:-1\" \/>\n<link rel=\"canonical\" href=\"https:\/\/www.flyingstartcardiff.co.uk\/cy\/gwasanaethau\/y-tim-lleferydd-ac-iaith\/\" \/>\n<meta property=\"og:locale\" content=\"en_US\" \/>\n<meta property=\"og:type\" content=\"article\" \/>\n<meta property=\"og:title\" content=\"Y T\u00eem Lleferydd ac Iaith - Dechrau&#039;n Deg Caerdydd\" \/>\n<meta property=\"og:description\" content=\"[vc_row][vc_column animation=&#8221;fade-in-from-left&#8221; width=&#8221;2\/3&#8243;][vc_column_text]Un o nodau craidd project Dechrau&#8217;n Deg yw cefnogi datblygiad iaith a chyfathrebu plant. Mae llawer o dystiolaeth fod targedu a nodi plant sy&#8217;n cael anawsterau mor gynnar \u00e2 phosibl yn bwysig iawn. Yn ogystal ag ymchwil i ddatblygiad yr ymennydd, sydd wedi dangos bod tair blynedd gyntaf bywyd plentyn yn hanfodol i ddatblygu sgiliau iaith a chyfathrebu da. Yn ardaloedd Dechrau&#8217;n Deg caiff plant a allai fod yn cael anawsterau lleferydd a\/neu iaith eu nodi mor fuan \u00e2 phosibl er mwyn i&#8217;r t\u00eem allu rhoi&#8217;r cymorth mwyaf priodol mor fuan \u00e2 phosibl. Beth yw gwaith y T\u00eem Lleferydd ac Iaith? Rhoi cymorth cyfathrebu cyffredinol i bob plentyn. Sicrhau bod aelodau eraill o d\u00eem Dechrau&#8217;n Deg yn gallu nodi a chefnogi anawsterau lleferydd, iaith a chyfathrebu plant. Rhoi strategaethau penodol ac ymarferol i rieni\/gofalwyr i ddatblygu iaith plant drwy chwarae. Rhoi hyfforddiant a chymorth i ddarparwyr gofal plant i&#8217;w helpu i nodi pryderon ynghylch lleferydd ac iaith ac i ddatblygu eu sgiliau gan ddefnyddio strategaethau penodol ac ymarferol i greu amgylchedd dysgu iaith. Datblygu gwasanaeth a fydd yn darparu rhaglen unigol a arweinir gan anghenion i blant y mae pryderon iaith, lleferydd neu gyfathrebu amdanynt. Cymorth Pellach Gallwch [&hellip;]\" \/>\n<meta property=\"og:url\" content=\"https:\/\/www.flyingstartcardiff.co.uk\/cy\/gwasanaethau\/y-tim-lleferydd-ac-iaith\/\" \/>\n<meta property=\"og:site_name\" content=\"Dechrau&#039;n Deg Caerdydd\" \/>\n<meta property=\"article:modified_time\" content=\"2025-10-16T12:32:48+00:00\" \/>\n<meta name=\"twitter:card\" content=\"summary_large_image\" \/>\n<meta name=\"twitter:label1\" content=\"Est. reading time\" \/>\n\t<meta name=\"twitter:data1\" content=\"2 funud\" \/>\n<script type=\"application\/ld+json\" class=\"yoast-schema-graph\">{\"@context\":\"https:\\\/\\\/schema.org\",\"@graph\":[{\"@type\":\"WebPage\",\"@id\":\"https:\\\/\\\/www.flyingstartcardiff.co.uk\\\/cy\\\/gwasanaethau\\\/y-tim-lleferydd-ac-iaith\\\/\",\"url\":\"https:\\\/\\\/www.flyingstartcardiff.co.uk\\\/cy\\\/gwasanaethau\\\/y-tim-lleferydd-ac-iaith\\\/\",\"name\":\"Y T\u00eem Lleferydd ac Iaith - Dechrau'n Deg Caerdydd\",\"isPartOf\":{\"@id\":\"https:\\\/\\\/www.flyingstartcardiff.co.uk\\\/#website\"},\"datePublished\":\"2016-01-18T12:59:45+00:00\",\"dateModified\":\"2025-10-16T12:32:48+00:00\",\"breadcrumb\":{\"@id\":\"https:\\\/\\\/www.flyingstartcardiff.co.uk\\\/cy\\\/gwasanaethau\\\/y-tim-lleferydd-ac-iaith\\\/#breadcrumb\"},\"inLanguage\":\"cy\",\"potentialAction\":[{\"@type\":\"ReadAction\",\"target\":[\"https:\\\/\\\/www.flyingstartcardiff.co.uk\\\/cy\\\/gwasanaethau\\\/y-tim-lleferydd-ac-iaith\\\/\"]}]},{\"@type\":\"BreadcrumbList\",\"@id\":\"https:\\\/\\\/www.flyingstartcardiff.co.uk\\\/cy\\\/gwasanaethau\\\/y-tim-lleferydd-ac-iaith\\\/#breadcrumb\",\"itemListElement\":[{\"@type\":\"ListItem\",\"position\":1,\"name\":\"Home\",\"item\":\"https:\\\/\\\/www.flyingstartcardiff.co.uk\\\/cy\\\/\"},{\"@type\":\"ListItem\",\"position\":2,\"name\":\"Gwasanaethau\",\"item\":\"https:\\\/\\\/www.flyingstartcardiff.co.uk\\\/cy\\\/gwasanaethau\\\/\"},{\"@type\":\"ListItem\",\"position\":3,\"name\":\"Y T\u00eem Lleferydd ac Iaith\"}]},{\"@type\":\"WebSite\",\"@id\":\"https:\\\/\\\/www.flyingstartcardiff.co.uk\\\/#website\",\"url\":\"https:\\\/\\\/www.flyingstartcardiff.co.uk\\\/\",\"name\":\"Dechrau'n Deg Caerdydd\",\"description\":\"Providing extra help to  get children off to the best start in life\",\"potentialAction\":[{\"@type\":\"SearchAction\",\"target\":{\"@type\":\"EntryPoint\",\"urlTemplate\":\"https:\\\/\\\/www.flyingstartcardiff.co.uk\\\/?s={search_term_string}\"},\"query-input\":{\"@type\":\"PropertyValueSpecification\",\"valueRequired\":true,\"valueName\":\"search_term_string\"}}],\"inLanguage\":\"cy\"}]}<\/script>\n<!-- \/ Yoast SEO plugin. -->","yoast_head_json":{"title":"Y T\u00eem Lleferydd ac Iaith - Dechrau'n Deg Caerdydd","robots":{"index":"index","follow":"follow","max-snippet":"max-snippet:-1","max-image-preview":"max-image-preview:large","max-video-preview":"max-video-preview:-1"},"canonical":"https:\/\/www.flyingstartcardiff.co.uk\/cy\/gwasanaethau\/y-tim-lleferydd-ac-iaith\/","og_locale":"en_US","og_type":"article","og_title":"Y T\u00eem Lleferydd ac Iaith - Dechrau'n Deg Caerdydd","og_description":"[vc_row][vc_column animation=&#8221;fade-in-from-left&#8221; width=&#8221;2\/3&#8243;][vc_column_text]Un o nodau craidd project Dechrau&#8217;n Deg yw cefnogi datblygiad iaith a chyfathrebu plant. Mae llawer o dystiolaeth fod targedu a nodi plant sy&#8217;n cael anawsterau mor gynnar \u00e2 phosibl yn bwysig iawn. Yn ogystal ag ymchwil i ddatblygiad yr ymennydd, sydd wedi dangos bod tair blynedd gyntaf bywyd plentyn yn hanfodol i ddatblygu sgiliau iaith a chyfathrebu da. Yn ardaloedd Dechrau&#8217;n Deg caiff plant a allai fod yn cael anawsterau lleferydd a\/neu iaith eu nodi mor fuan \u00e2 phosibl er mwyn i&#8217;r t\u00eem allu rhoi&#8217;r cymorth mwyaf priodol mor fuan \u00e2 phosibl. Beth yw gwaith y T\u00eem Lleferydd ac Iaith? Rhoi cymorth cyfathrebu cyffredinol i bob plentyn. Sicrhau bod aelodau eraill o d\u00eem Dechrau&#8217;n Deg yn gallu nodi a chefnogi anawsterau lleferydd, iaith a chyfathrebu plant. Rhoi strategaethau penodol ac ymarferol i rieni\/gofalwyr i ddatblygu iaith plant drwy chwarae. Rhoi hyfforddiant a chymorth i ddarparwyr gofal plant i&#8217;w helpu i nodi pryderon ynghylch lleferydd ac iaith ac i ddatblygu eu sgiliau gan ddefnyddio strategaethau penodol ac ymarferol i greu amgylchedd dysgu iaith. Datblygu gwasanaeth a fydd yn darparu rhaglen unigol a arweinir gan anghenion i blant y mae pryderon iaith, lleferydd neu gyfathrebu amdanynt. Cymorth Pellach Gallwch [&hellip;]","og_url":"https:\/\/www.flyingstartcardiff.co.uk\/cy\/gwasanaethau\/y-tim-lleferydd-ac-iaith\/","og_site_name":"Dechrau'n Deg Caerdydd","article_modified_time":"2025-10-16T12:32:48+00:00","twitter_card":"summary_large_image","twitter_misc":{"Est. reading time":"2 funud"},"schema":{"@context":"https:\/\/schema.org","@graph":[{"@type":"WebPage","@id":"https:\/\/www.flyingstartcardiff.co.uk\/cy\/gwasanaethau\/y-tim-lleferydd-ac-iaith\/","url":"https:\/\/www.flyingstartcardiff.co.uk\/cy\/gwasanaethau\/y-tim-lleferydd-ac-iaith\/","name":"Y T\u00eem Lleferydd ac Iaith - Dechrau'n Deg Caerdydd","isPartOf":{"@id":"https:\/\/www.flyingstartcardiff.co.uk\/#website"},"datePublished":"2016-01-18T12:59:45+00:00","dateModified":"2025-10-16T12:32:48+00:00","breadcrumb":{"@id":"https:\/\/www.flyingstartcardiff.co.uk\/cy\/gwasanaethau\/y-tim-lleferydd-ac-iaith\/#breadcrumb"},"inLanguage":"cy","potentialAction":[{"@type":"ReadAction","target":["https:\/\/www.flyingstartcardiff.co.uk\/cy\/gwasanaethau\/y-tim-lleferydd-ac-iaith\/"]}]},{"@type":"BreadcrumbList","@id":"https:\/\/www.flyingstartcardiff.co.uk\/cy\/gwasanaethau\/y-tim-lleferydd-ac-iaith\/#breadcrumb","itemListElement":[{"@type":"ListItem","position":1,"name":"Home","item":"https:\/\/www.flyingstartcardiff.co.uk\/cy\/"},{"@type":"ListItem","position":2,"name":"Gwasanaethau","item":"https:\/\/www.flyingstartcardiff.co.uk\/cy\/gwasanaethau\/"},{"@type":"ListItem","position":3,"name":"Y T\u00eem Lleferydd ac Iaith"}]},{"@type":"WebSite","@id":"https:\/\/www.flyingstartcardiff.co.uk\/#website","url":"https:\/\/www.flyingstartcardiff.co.uk\/","name":"Dechrau'n Deg Caerdydd","description":"Providing extra help to  get children off to the best start in life","potentialAction":[{"@type":"SearchAction","target":{"@type":"EntryPoint","urlTemplate":"https:\/\/www.flyingstartcardiff.co.uk\/?s={search_term_string}"},"query-input":{"@type":"PropertyValueSpecification","valueRequired":true,"valueName":"search_term_string"}}],"inLanguage":"cy"}]}},"_links":{"self":[{"href":"https:\/\/www.flyingstartcardiff.co.uk\/cy\/wp-json\/wp\/v2\/pages\/360","targetHints":{"allow":["GET"]}}],"collection":[{"href":"https:\/\/www.flyingstartcardiff.co.uk\/cy\/wp-json\/wp\/v2\/pages"}],"about":[{"href":"https:\/\/www.flyingstartcardiff.co.uk\/cy\/wp-json\/wp\/v2\/types\/page"}],"author":[{"embeddable":true,"href":"https:\/\/www.flyingstartcardiff.co.uk\/cy\/wp-json\/wp\/v2\/users\/1"}],"replies":[{"embeddable":true,"href":"https:\/\/www.flyingstartcardiff.co.uk\/cy\/wp-json\/wp\/v2\/comments?post=360"}],"version-history":[{"count":6,"href":"https:\/\/www.flyingstartcardiff.co.uk\/cy\/wp-json\/wp\/v2\/pages\/360\/revisions"}],"predecessor-version":[{"id":1936,"href":"https:\/\/www.flyingstartcardiff.co.uk\/cy\/wp-json\/wp\/v2\/pages\/360\/revisions\/1936"}],"up":[{"embeddable":true,"href":"https:\/\/www.flyingstartcardiff.co.uk\/cy\/wp-json\/wp\/v2\/pages\/307"}],"wp:attachment":[{"href":"https:\/\/www.flyingstartcardiff.co.uk\/cy\/wp-json\/wp\/v2\/media?parent=360"}],"curies":[{"name":"wp","href":"https:\/\/api.w.org\/{rel}","templated":true}]}}