{"id":333,"date":"2016-01-18T12:31:40","date_gmt":"2016-01-18T12:31:40","guid":{"rendered":"http:\/\/fstart.cardiffcouncilwebteam.co.uk\/?page_id=333"},"modified":"2024-10-29T11:40:51","modified_gmt":"2024-10-29T11:40:51","slug":"y-gwasanaeth-iechyd","status":"publish","type":"page","link":"https:\/\/www.flyingstartcardiff.co.uk\/cy\/gwasanaethau\/y-gwasanaeth-iechyd\/","title":{"rendered":"Y Gwasanaeth Iechyd"},"content":{"rendered":"<div class=\"wpb-content-wrapper\"><p>[vc_row][vc_column animation=&#8221;fade-in-from-left&#8221; width=&#8221;1\/1&#8243;]<div class=\"single_image wpb_content_element align-center    \" data-animation=\"none\" data-delay=\"0\"><img loading=\"lazy\" decoding=\"async\" width=\"1400\" height=\"933\" src=\"https:\/\/www.flyingstartcardiff.co.uk\/wp-content\/uploads\/website-team-3-1.jpg\" class=\"attachment-full\" alt=\"Group of women outside\" title=\"\" srcset=\"https:\/\/www.flyingstartcardiff.co.uk\/wp-content\/uploads\/website-team-3-1.jpg 1400w, https:\/\/www.flyingstartcardiff.co.uk\/wp-content\/uploads\/website-team-3-1-300x200.jpg 300w, https:\/\/www.flyingstartcardiff.co.uk\/wp-content\/uploads\/website-team-3-1-1024x682.jpg 1024w, https:\/\/www.flyingstartcardiff.co.uk\/wp-content\/uploads\/website-team-3-1-600x400.jpg 600w\" sizes=\"auto, (max-width: 1400px) 100vw, 1400px\" \/><\/div>[vc_column_text]<\/p>\n<h2 style=\"text-align: center;\">Yngl\u0177n \u00e2 Gwasanaethau Iechyd Dechrau&#8217;n Deg Caerdydd<\/h2>\n<p>Nod Gwasanaeth Iechyd Dechrau&#8217;n Deg yw eich cefnogi gyda rhianta a rhoi unrhyw gymorth a chyngor y mae arnoch eu hangen, o&#8217;r cyfnod cyn geni hyd at 3 blwydd ac 11 mis oed.<\/p>\n<p>Gellir darparu cymorth a chefnogaeth ar ystod o faterion a allai effeithio arnoch chi a\u2019ch teulu. Mae\u2019r rhain yn cynnwys gofalu am eich babi newydd, bwydo, diddyfnu, arferion cysgu, hyfforddi i ddefnyddio\u2019r poti a materion ymddygiad. Hefyd gallwn ni eich cyfeirio neu eich atgyfeirio at asiantaethau eraill o fewn Dechrau&#8217;n Deg a&#8217;r tu allan iddo os oes angen.[\/vc_column_text]<div class=\"spacer\" style=\"height: 50px;\"><\/div>[\/vc_column][\/vc_row][vc_row][vc_column animation=&#8221;fade-in-from-left&#8221; width=&#8221;1\/1&#8243;][vc_column_text]<\/p>\n<h2 style=\"text-align: center;\">Gwasanaethau Iechyd Dechrau&#8217;n Deg Caerdydd<\/h2>\n<p>[\/vc_column_text]<div class=\"spacer\" style=\"height: 50px;\"><\/div>[\/vc_column][\/vc_row][vc_row][vc_column animation=&#8221;fade-in-from-left&#8221; width=&#8221;1\/2&#8243;]<div class=\"spacer\" style=\"height: 25px;\"><\/div>[vc_column_text]<\/p>\n<h3>Gwasanaeth Ymwelwyr Iechyd<\/h3>\n<p>Mae Ymwelwyr Iechyd i gyd yn nyrsys\/bydwragedd cofrestredig sydd \u00e2 sawl blwyddyn o brofiad yn yr ysbyty ac sydd wedi cwblhau cwrs blwyddyn nyrsys iechyd cyhoeddus cymunedol arbenigol. Maent hefyd yn cael hyfforddiant penodol Dechrau&#8217;n Deg mewn mas\u00e2j babanod, asesiadau babis newydd-anedig ac asesiad datblygu yn ystod plentyndod.<\/p>\n<p>Gall gwasanaeth Ymwelwyr Iechyd Dechrau&#8217;n Deg gynnig ymweliadau cartref ychwanegol o&#8217;r cyfnod cyn geni hyd at 3 blwydd ac 11 mis oed. Mae hyn er mwyn eich cefnogi gyda rhianta[\/vc_column_text][\/vc_column][vc_column bg_image=&#8221;1437&#8243; width=&#8221;1\/2&#8243;]<div class=\"spacer\" style=\"height: 550px;\"><\/div>[\/vc_column][\/vc_row][vc_row][vc_column animation=&#8221;fade-in-from-left&#8221; bg_image=&#8221;1298&#8243; width=&#8221;1\/2&#8243;]<div class=\"spacer\" style=\"height: 500px;\"><\/div>[\/vc_column][vc_column width=&#8221;1\/2&#8243;]<div class=\"spacer\" style=\"height: 25px;\"><\/div>[vc_column_text]<\/p>\n<h3>Gwasanaeth Nyrsys Meithrin Cymunedol<\/h3>\n<p>Mae&#8217;r Gwasanaeth Nyrsys Meithrin Cymunedol yn gweithio ochr yn ochr \u00e2&#8217;r Gwasanaeth Ymwelwyr Iechyd i roi cyngor a chymorth pwrpasol i chi a&#8217;ch teulu. Gall y t\u00eem o nyrsys meithrin hyfforddedig neu rai \u00e2 chymhwyster cyfatebol roi cyngor a chymorth ar amrywiaeth o faterion a allai effeithio arnoch chi a&#8217;ch teulu. Mae\u2019r rhain yn cynnwys:<\/p>\n<ul>\n<li>Gofalu am eich babi newydd<\/li>\n<li>Bwydo<\/li>\n<li>Diddyfnu<\/li>\n<li>Arferion cysgu<\/li>\n<li>Hyfforddiant poti<\/li>\n<li>Materion ymddygiad<\/li>\n<\/ul>\n<p>[\/vc_column_text][\/vc_column][\/vc_row][vc_row][vc_column animation=&#8221;fade-in-from-left&#8221; width=&#8221;1\/2&#8243;]<div class=\"spacer\" style=\"height: 25px;\"><\/div>[vc_column_text]<\/p>\n<h3>Gwasanaeth Therapi Lleferydd ac Iaith<\/h3>\n<p>Mewn ardaloedd Dechrau\u2019n Deg, caiff plant sy\u2019n cael anawsterau gyda lleferydd ac\/neu iaith eu nodi cyn gynted ag y bo modd er mwyn i\u2019r t\u00eem allu ddarparu\u2019r cymorth mwyaf priodol mor gynnar \u00e2 phosibl.<\/p>\n<p>Gall t\u00eem Therapi Lleferydd ac Iaith Dechrau&#8217;n Deg Caerdydd weithio gyda chi a&#8217;ch plentyn i ddarparu strategaethau pwrpasol, penodol ac ymarferol i ddatblygu sgiliau iaith a chyfathrebu plant.<\/p>\n<p>Mae&#8217;r t\u00eem Therapi Lleferydd ac Iaith yn gweithio i sicrhau bod pob t\u00eem Dechrau&#8217;n Deg, gan gynnwys ein Gwasanaethau Rhianta a Gofal Plant, yn gallu nodi a chefnogi anghenion lleferydd, iaith a chyfathrebu plant.<\/p>\n<p><a href=\"https:\/\/www.flyingstartcardiff.co.uk\/cy\/gwasanaethau\/y-tim-lleferydd-ac-iaith\/\">Darllen Rhagor y tim lleferydd ac iaith<\/a>[\/vc_column_text][\/vc_column][vc_column bg_image=&#8221;1430&#8243; width=&#8221;1\/2&#8243;]<div class=\"spacer\" style=\"height: 650px;\"><\/div>[\/vc_column][\/vc_row][vc_row][vc_column animation=&#8221;fade-in-from-left&#8221; bg_image=&#8221;1426&#8243; width=&#8221;1\/2&#8243;]<div class=\"spacer\" style=\"height: 850px;\"><\/div>[\/vc_column][vc_column width=&#8221;1\/2&#8243;]<div class=\"spacer\" style=\"height: 25px;\"><\/div>[vc_column_text]<\/p>\n<h3>T\u00eem Bwyd a Maeth<\/h3>\n<p>Mae ein t\u00eem o ddeietegwyr a gweithwyr cymorth deietegol yn cefnogi teuluoedd a phlant i fwyta deiet iach, fforddiadwy a maethlon er budd eu hiechyd a&#8217;u lles. Mae&#8217;r gwasanaethau a ddarperir gan y t\u00eem yn cynnwys sesiynau coginio a chyrsiau sgiliau bwyta&#8217;n iach a choginio achrededig i deuluoedd.<\/p>\n<p>Mae&#8217;r t\u00eem Bwyd a Maeth yn sicrhau bod teuluoedd yn cael gwybodaeth gyson a chywir a chymorth ymarferol ynghylch bwyd a maeth. Darparu hyfforddiant bwyd a maeth i weithwyr proffesiynol yn y blynyddoedd cynnar, megis gweithwyr gofal plant cofrestredig, ymwelwyr iechyd a nyrsys meithrin cymunedol. Maent hefyd yn darparu adnoddau gwybodaeth am fwyta&#8217;n iach, bwydo cyflenwol a bwyta trafferthus.<\/p>\n<p>Mae&#8217;r t\u00eem yn cefnogi lleoliadau blynyddoedd cynnar Dechrau&#8217;n Deg i ennill Gwobr Byrbrydau Iach Safon Aur a&#8217;r Cynllun Cyn-ysgol Iach a Chynaliadwy, gan alluogi plant i fanteisio ar ddewisiadau bwyd a diod iach mewn amgylchedd iach sy&#8217;n cefnogi iechyd a lles plant.<\/p>\n<p><a href=\"https:\/\/www.flyingstartcardiff.co.uk\/cy\/gwasanaethau\/gwasanaeth-maeth-a-deieteg\/\">Darllen Rhagor ar gwasanaeth maeth a deieteg<\/a>[\/vc_column_text][\/vc_column][\/vc_row]<\/p>\n<\/div>","protected":false},"excerpt":{"rendered":"<p>[vc_row][vc_column animation=&#8221;fade-in-from-left&#8221; width=&#8221;1\/1&#8243;][vc_column_text] Yngl\u0177n \u00e2 Gwasanaethau Iechyd Dechrau&#8217;n Deg Caerdydd Nod Gwasanaeth Iechyd Dechrau&#8217;n Deg yw eich cefnogi gyda rhianta a rhoi unrhyw gymorth a chyngor y mae arnoch eu hangen, o&#8217;r cyfnod cyn geni hyd at 3 blwydd ac 11 mis oed. Gellir darparu cymorth a chefnogaeth ar ystod o faterion a allai effeithio arnoch chi a\u2019ch teulu. Mae\u2019r rhain yn cynnwys gofalu am eich babi newydd, bwydo, diddyfnu, arferion cysgu, hyfforddi i ddefnyddio\u2019r poti a materion ymddygiad. Hefyd gallwn ni eich cyfeirio neu eich atgyfeirio at asiantaethau eraill o fewn Dechrau&#8217;n Deg a&#8217;r tu allan iddo os oes angen.[\/vc_column_text][\/vc_column][\/vc_row][vc_row][vc_column animation=&#8221;fade-in-from-left&#8221; width=&#8221;1\/1&#8243;][vc_column_text] Gwasanaethau Iechyd Dechrau&#8217;n Deg Caerdydd [\/vc_column_text][\/vc_column][\/vc_row][vc_row][vc_column animation=&#8221;fade-in-from-left&#8221; width=&#8221;1\/2&#8243;][vc_column_text] Gwasanaeth Ymwelwyr Iechyd Mae Ymwelwyr Iechyd i gyd yn nyrsys\/bydwragedd cofrestredig sydd \u00e2 sawl blwyddyn o brofiad yn yr ysbyty ac sydd wedi cwblhau cwrs blwyddyn nyrsys iechyd cyhoeddus cymunedol arbenigol. Maent hefyd yn cael hyfforddiant penodol Dechrau&#8217;n Deg mewn mas\u00e2j babanod, asesiadau babis newydd-anedig ac asesiad datblygu yn ystod plentyndod. Gall gwasanaeth Ymwelwyr Iechyd Dechrau&#8217;n Deg gynnig ymweliadau cartref ychwanegol o&#8217;r cyfnod cyn geni hyd at 3 blwydd ac 11 mis oed. Mae hyn er mwyn eich cefnogi gyda rhianta[\/vc_column_text][\/vc_column][vc_column bg_image=&#8221;1437&#8243; width=&#8221;1\/2&#8243;][\/vc_column][\/vc_row][vc_row][vc_column animation=&#8221;fade-in-from-left&#8221; bg_image=&#8221;1298&#8243; width=&#8221;1\/2&#8243;][\/vc_column][vc_column width=&#8221;1\/2&#8243;][vc_column_text] Gwasanaeth Nyrsys [&hellip;]<\/p>\n","protected":false},"author":1,"featured_media":0,"parent":307,"menu_order":0,"comment_status":"closed","ping_status":"closed","template":"","meta":{"footnotes":""},"class_list":["post-333","page","type-page","status-publish","hentry"],"yoast_head":"<!-- This site is optimized with the Yoast SEO plugin v27.2 - https:\/\/yoast.com\/product\/yoast-seo-wordpress\/ -->\n<title>Y Gwasanaeth Iechyd - Dechrau&#039;n Deg Caerdydd<\/title>\n<meta name=\"robots\" content=\"index, follow, max-snippet:-1, max-image-preview:large, max-video-preview:-1\" \/>\n<link rel=\"canonical\" href=\"https:\/\/www.flyingstartcardiff.co.uk\/cy\/gwasanaethau\/y-gwasanaeth-iechyd\/\" \/>\n<meta property=\"og:locale\" content=\"en_US\" \/>\n<meta property=\"og:type\" content=\"article\" \/>\n<meta property=\"og:title\" content=\"Y Gwasanaeth Iechyd - Dechrau&#039;n Deg Caerdydd\" \/>\n<meta property=\"og:description\" content=\"[vc_row][vc_column animation=&#8221;fade-in-from-left&#8221; width=&#8221;1\/1&#8243;][vc_column_text] Yngl\u0177n \u00e2 Gwasanaethau Iechyd Dechrau&#8217;n Deg Caerdydd Nod Gwasanaeth Iechyd Dechrau&#8217;n Deg yw eich cefnogi gyda rhianta a rhoi unrhyw gymorth a chyngor y mae arnoch eu hangen, o&#8217;r cyfnod cyn geni hyd at 3 blwydd ac 11 mis oed. Gellir darparu cymorth a chefnogaeth ar ystod o faterion a allai effeithio arnoch chi a\u2019ch teulu. Mae\u2019r rhain yn cynnwys gofalu am eich babi newydd, bwydo, diddyfnu, arferion cysgu, hyfforddi i ddefnyddio\u2019r poti a materion ymddygiad. Hefyd gallwn ni eich cyfeirio neu eich atgyfeirio at asiantaethau eraill o fewn Dechrau&#8217;n Deg a&#8217;r tu allan iddo os oes angen.[\/vc_column_text][\/vc_column][\/vc_row][vc_row][vc_column animation=&#8221;fade-in-from-left&#8221; width=&#8221;1\/1&#8243;][vc_column_text] Gwasanaethau Iechyd Dechrau&#8217;n Deg Caerdydd [\/vc_column_text][\/vc_column][\/vc_row][vc_row][vc_column animation=&#8221;fade-in-from-left&#8221; width=&#8221;1\/2&#8243;][vc_column_text] Gwasanaeth Ymwelwyr Iechyd Mae Ymwelwyr Iechyd i gyd yn nyrsys\/bydwragedd cofrestredig sydd \u00e2 sawl blwyddyn o brofiad yn yr ysbyty ac sydd wedi cwblhau cwrs blwyddyn nyrsys iechyd cyhoeddus cymunedol arbenigol. Maent hefyd yn cael hyfforddiant penodol Dechrau&#8217;n Deg mewn mas\u00e2j babanod, asesiadau babis newydd-anedig ac asesiad datblygu yn ystod plentyndod. Gall gwasanaeth Ymwelwyr Iechyd Dechrau&#8217;n Deg gynnig ymweliadau cartref ychwanegol o&#8217;r cyfnod cyn geni hyd at 3 blwydd ac 11 mis oed. Mae hyn er mwyn eich cefnogi gyda rhianta[\/vc_column_text][\/vc_column][vc_column bg_image=&#8221;1437&#8243; width=&#8221;1\/2&#8243;][\/vc_column][\/vc_row][vc_row][vc_column animation=&#8221;fade-in-from-left&#8221; bg_image=&#8221;1298&#8243; width=&#8221;1\/2&#8243;][\/vc_column][vc_column width=&#8221;1\/2&#8243;][vc_column_text] Gwasanaeth Nyrsys [&hellip;]\" \/>\n<meta property=\"og:url\" content=\"https:\/\/www.flyingstartcardiff.co.uk\/cy\/gwasanaethau\/y-gwasanaeth-iechyd\/\" \/>\n<meta property=\"og:site_name\" content=\"Dechrau&#039;n Deg Caerdydd\" \/>\n<meta property=\"article:modified_time\" content=\"2024-10-29T11:40:51+00:00\" \/>\n<meta name=\"twitter:card\" content=\"summary_large_image\" \/>\n<meta name=\"twitter:label1\" content=\"Est. reading time\" \/>\n\t<meta name=\"twitter:data1\" content=\"3 munud\" \/>\n<script type=\"application\/ld+json\" class=\"yoast-schema-graph\">{\"@context\":\"https:\/\/schema.org\",\"@graph\":[{\"@type\":\"WebPage\",\"@id\":\"https:\/\/www.flyingstartcardiff.co.uk\/cy\/gwasanaethau\/y-gwasanaeth-iechyd\/\",\"url\":\"https:\/\/www.flyingstartcardiff.co.uk\/cy\/gwasanaethau\/y-gwasanaeth-iechyd\/\",\"name\":\"Y Gwasanaeth Iechyd - Dechrau'n Deg Caerdydd\",\"isPartOf\":{\"@id\":\"https:\/\/www.flyingstartcardiff.co.uk\/#website\"},\"datePublished\":\"2016-01-18T12:31:40+00:00\",\"dateModified\":\"2024-10-29T11:40:51+00:00\",\"breadcrumb\":{\"@id\":\"https:\/\/www.flyingstartcardiff.co.uk\/cy\/gwasanaethau\/y-gwasanaeth-iechyd\/#breadcrumb\"},\"inLanguage\":\"cy\",\"potentialAction\":[{\"@type\":\"ReadAction\",\"target\":[\"https:\/\/www.flyingstartcardiff.co.uk\/cy\/gwasanaethau\/y-gwasanaeth-iechyd\/\"]}]},{\"@type\":\"BreadcrumbList\",\"@id\":\"https:\/\/www.flyingstartcardiff.co.uk\/cy\/gwasanaethau\/y-gwasanaeth-iechyd\/#breadcrumb\",\"itemListElement\":[{\"@type\":\"ListItem\",\"position\":1,\"name\":\"Home\",\"item\":\"https:\/\/www.flyingstartcardiff.co.uk\/cy\/\"},{\"@type\":\"ListItem\",\"position\":2,\"name\":\"Gwasanaethau\",\"item\":\"https:\/\/www.flyingstartcardiff.co.uk\/cy\/gwasanaethau\/\"},{\"@type\":\"ListItem\",\"position\":3,\"name\":\"Y Gwasanaeth Iechyd\"}]},{\"@type\":\"WebSite\",\"@id\":\"https:\/\/www.flyingstartcardiff.co.uk\/#website\",\"url\":\"https:\/\/www.flyingstartcardiff.co.uk\/\",\"name\":\"Dechrau'n Deg Caerdydd\",\"description\":\"Providing extra help to  get children off to the best start in life\",\"potentialAction\":[{\"@type\":\"SearchAction\",\"target\":{\"@type\":\"EntryPoint\",\"urlTemplate\":\"https:\/\/www.flyingstartcardiff.co.uk\/?s={search_term_string}\"},\"query-input\":{\"@type\":\"PropertyValueSpecification\",\"valueRequired\":true,\"valueName\":\"search_term_string\"}}],\"inLanguage\":\"cy\"}]}<\/script>\n<!-- \/ Yoast SEO plugin. -->","yoast_head_json":{"title":"Y Gwasanaeth Iechyd - Dechrau'n Deg Caerdydd","robots":{"index":"index","follow":"follow","max-snippet":"max-snippet:-1","max-image-preview":"max-image-preview:large","max-video-preview":"max-video-preview:-1"},"canonical":"https:\/\/www.flyingstartcardiff.co.uk\/cy\/gwasanaethau\/y-gwasanaeth-iechyd\/","og_locale":"en_US","og_type":"article","og_title":"Y Gwasanaeth Iechyd - Dechrau'n Deg Caerdydd","og_description":"[vc_row][vc_column animation=&#8221;fade-in-from-left&#8221; width=&#8221;1\/1&#8243;][vc_column_text] Yngl\u0177n \u00e2 Gwasanaethau Iechyd Dechrau&#8217;n Deg Caerdydd Nod Gwasanaeth Iechyd Dechrau&#8217;n Deg yw eich cefnogi gyda rhianta a rhoi unrhyw gymorth a chyngor y mae arnoch eu hangen, o&#8217;r cyfnod cyn geni hyd at 3 blwydd ac 11 mis oed. Gellir darparu cymorth a chefnogaeth ar ystod o faterion a allai effeithio arnoch chi a\u2019ch teulu. Mae\u2019r rhain yn cynnwys gofalu am eich babi newydd, bwydo, diddyfnu, arferion cysgu, hyfforddi i ddefnyddio\u2019r poti a materion ymddygiad. Hefyd gallwn ni eich cyfeirio neu eich atgyfeirio at asiantaethau eraill o fewn Dechrau&#8217;n Deg a&#8217;r tu allan iddo os oes angen.[\/vc_column_text][\/vc_column][\/vc_row][vc_row][vc_column animation=&#8221;fade-in-from-left&#8221; width=&#8221;1\/1&#8243;][vc_column_text] Gwasanaethau Iechyd Dechrau&#8217;n Deg Caerdydd [\/vc_column_text][\/vc_column][\/vc_row][vc_row][vc_column animation=&#8221;fade-in-from-left&#8221; width=&#8221;1\/2&#8243;][vc_column_text] Gwasanaeth Ymwelwyr Iechyd Mae Ymwelwyr Iechyd i gyd yn nyrsys\/bydwragedd cofrestredig sydd \u00e2 sawl blwyddyn o brofiad yn yr ysbyty ac sydd wedi cwblhau cwrs blwyddyn nyrsys iechyd cyhoeddus cymunedol arbenigol. Maent hefyd yn cael hyfforddiant penodol Dechrau&#8217;n Deg mewn mas\u00e2j babanod, asesiadau babis newydd-anedig ac asesiad datblygu yn ystod plentyndod. Gall gwasanaeth Ymwelwyr Iechyd Dechrau&#8217;n Deg gynnig ymweliadau cartref ychwanegol o&#8217;r cyfnod cyn geni hyd at 3 blwydd ac 11 mis oed. Mae hyn er mwyn eich cefnogi gyda rhianta[\/vc_column_text][\/vc_column][vc_column bg_image=&#8221;1437&#8243; width=&#8221;1\/2&#8243;][\/vc_column][\/vc_row][vc_row][vc_column animation=&#8221;fade-in-from-left&#8221; bg_image=&#8221;1298&#8243; width=&#8221;1\/2&#8243;][\/vc_column][vc_column width=&#8221;1\/2&#8243;][vc_column_text] Gwasanaeth Nyrsys [&hellip;]","og_url":"https:\/\/www.flyingstartcardiff.co.uk\/cy\/gwasanaethau\/y-gwasanaeth-iechyd\/","og_site_name":"Dechrau'n Deg Caerdydd","article_modified_time":"2024-10-29T11:40:51+00:00","twitter_card":"summary_large_image","twitter_misc":{"Est. reading time":"3 munud"},"schema":{"@context":"https:\/\/schema.org","@graph":[{"@type":"WebPage","@id":"https:\/\/www.flyingstartcardiff.co.uk\/cy\/gwasanaethau\/y-gwasanaeth-iechyd\/","url":"https:\/\/www.flyingstartcardiff.co.uk\/cy\/gwasanaethau\/y-gwasanaeth-iechyd\/","name":"Y Gwasanaeth Iechyd - Dechrau'n Deg Caerdydd","isPartOf":{"@id":"https:\/\/www.flyingstartcardiff.co.uk\/#website"},"datePublished":"2016-01-18T12:31:40+00:00","dateModified":"2024-10-29T11:40:51+00:00","breadcrumb":{"@id":"https:\/\/www.flyingstartcardiff.co.uk\/cy\/gwasanaethau\/y-gwasanaeth-iechyd\/#breadcrumb"},"inLanguage":"cy","potentialAction":[{"@type":"ReadAction","target":["https:\/\/www.flyingstartcardiff.co.uk\/cy\/gwasanaethau\/y-gwasanaeth-iechyd\/"]}]},{"@type":"BreadcrumbList","@id":"https:\/\/www.flyingstartcardiff.co.uk\/cy\/gwasanaethau\/y-gwasanaeth-iechyd\/#breadcrumb","itemListElement":[{"@type":"ListItem","position":1,"name":"Home","item":"https:\/\/www.flyingstartcardiff.co.uk\/cy\/"},{"@type":"ListItem","position":2,"name":"Gwasanaethau","item":"https:\/\/www.flyingstartcardiff.co.uk\/cy\/gwasanaethau\/"},{"@type":"ListItem","position":3,"name":"Y Gwasanaeth Iechyd"}]},{"@type":"WebSite","@id":"https:\/\/www.flyingstartcardiff.co.uk\/#website","url":"https:\/\/www.flyingstartcardiff.co.uk\/","name":"Dechrau'n Deg Caerdydd","description":"Providing extra help to  get children off to the best start in life","potentialAction":[{"@type":"SearchAction","target":{"@type":"EntryPoint","urlTemplate":"https:\/\/www.flyingstartcardiff.co.uk\/?s={search_term_string}"},"query-input":{"@type":"PropertyValueSpecification","valueRequired":true,"valueName":"search_term_string"}}],"inLanguage":"cy"}]}},"_links":{"self":[{"href":"https:\/\/www.flyingstartcardiff.co.uk\/cy\/wp-json\/wp\/v2\/pages\/333","targetHints":{"allow":["GET"]}}],"collection":[{"href":"https:\/\/www.flyingstartcardiff.co.uk\/cy\/wp-json\/wp\/v2\/pages"}],"about":[{"href":"https:\/\/www.flyingstartcardiff.co.uk\/cy\/wp-json\/wp\/v2\/types\/page"}],"author":[{"embeddable":true,"href":"https:\/\/www.flyingstartcardiff.co.uk\/cy\/wp-json\/wp\/v2\/users\/1"}],"replies":[{"embeddable":true,"href":"https:\/\/www.flyingstartcardiff.co.uk\/cy\/wp-json\/wp\/v2\/comments?post=333"}],"version-history":[{"count":5,"href":"https:\/\/www.flyingstartcardiff.co.uk\/cy\/wp-json\/wp\/v2\/pages\/333\/revisions"}],"predecessor-version":[{"id":1736,"href":"https:\/\/www.flyingstartcardiff.co.uk\/cy\/wp-json\/wp\/v2\/pages\/333\/revisions\/1736"}],"up":[{"embeddable":true,"href":"https:\/\/www.flyingstartcardiff.co.uk\/cy\/wp-json\/wp\/v2\/pages\/307"}],"wp:attachment":[{"href":"https:\/\/www.flyingstartcardiff.co.uk\/cy\/wp-json\/wp\/v2\/media?parent=333"}],"curies":[{"name":"wp","href":"https:\/\/api.w.org\/{rel}","templated":true}]}}